{"id":107,"date":"2008-10-17T07:31:55","date_gmt":"2008-10-17T12:31:55","guid":{"rendered":"http:\/\/www.perudestino.com\/para-el-viajero\/"},"modified":"2024-03-22T12:28:27","modified_gmt":"2024-03-22T17:28:27","slug":"para-el-viajero","status":"publish","type":"page","link":"https:\/\/www.perudestino.com\/peruvianblog\/","title":{"rendered":"Para El Viajero"},"content":{"rendered":"\n<div class=\"wp-block-group\"><div class=\"wp-block-group__inner-container is-layout-constrained wp-block-group-is-layout-constrained\">\n<div class=\"wp-block-columns is-layout-flex wp-container-core-columns-is-layout-3 wp-block-columns-is-layout-flex\">\n<div class=\"wp-block-column is-layout-flow wp-block-column-is-layout-flow\" style=\"flex-basis:100%\">\n<blockquote class=\"wp-block-quote is-layout-flow wp-block-quote-is-layout-flow\">\n<div class=\"wp-block-columns is-layout-flex wp-container-core-columns-is-layout-2 wp-block-columns-is-layout-flex\">\n<div class=\"wp-block-column is-layout-flow wp-block-column-is-layout-flow\" style=\"flex-basis:100%\">\n<div class=\"wp-block-group\"><div class=\"wp-block-group__inner-container is-layout-constrained wp-block-group-is-layout-constrained\">\n<div class=\"wp-block-columns is-layout-flex wp-container-core-columns-is-layout-1 wp-block-columns-is-layout-flex\">\n<div class=\"wp-block-column is-layout-flow wp-block-column-is-layout-flow\" style=\"flex-basis:100%\">\n<pre class=\"wp-block-preformatted\"><span style=\"color: #ff6600;\"><strong><em>Deje huellas en el Per\u00fa\u00a0<\/em><\/strong><\/span> Haga que su viaje resulte una experiencia \u00fanica e inolvidable a trav\u00e9s de un pa\u00eds de milenaria cultura y extraordinaria belleza. Desde nuestra p\u00e1gina conozca los principales destinos, haga sus reservas de tours y solic\u00edtenos el itinerario\u00a0de su preferencia,\u00a0que nosotros gustosamente le ayudaremos a planificar su viaje; tambi\u00e9n puede solicitarnos sus vuelos y reservaciones de hoteles.\u00a0 A continuaci\u00f3n le damos algunos alcances de inter\u00e9s sobre lugares del Per\u00fa.\n\n<a href=\"https:\/\/www.perudestino.com\/peruvianblog\/amazonas-2\/\">AMAZONAS<\/a>            <a href=\"https:\/\/www.perudestino.com\/peruvianblog\/que-puedo-visitar-en-puno\/\">PUNO<\/a>            <a href=\"https:\/\/www.perudestino.com\/peruvianblog\/huanuco-3\/\">HU\u00c0NUCO<\/a>\n\n<a href=\"https:\/\/www.perudestino.com\/peruvianblog\/ayacucho-3\/\">AYACUCHO<\/a>           <a href=\"https:\/\/www.perudestino.com\/peruvianblog\/iquitos-2\/\">IQUITOS<\/a>           <a href=\"https:\/\/www.perudestino.com\/peruvianblog\/huaraz-3\/\">HUARAZ<\/a>\n\n<a href=\"https:\/\/www.perudestino.com\/peruvianblog\/trujillo-3\/\">TRUJILLO<\/a>             <a href=\"https:\/\/www.perudestino.com\/peruvianblog\/lima-2\/\">LIMA<\/a>          <a href=\"https:\/\/www.perudestino.com\/peruvianblog\/cajamarca-3\/\">CAJAMARCA<\/a>\n\n<a href=\"https:\/\/www.perudestino.com\/peruvianblog\/arequipa\/\">AREQUIPA<\/a>             <a href=\"https:\/\/www.perudestino.com\/peruvianblog\/138\/\">PER\u00d9<\/a>           <a href=\"https:\/\/www.perudestino.com\/peruvianblog\/turismo-de-aventura-en-caylloma\/\">CAYLLOMA<\/a>\n\n  <a href=\"https:\/\/www.perudestino.com\/peruvianblog\/caral-la-insondable-civilizacion-mas-antigua-de-america\/\">CARAL<\/a>          <a href=\"https:\/\/www.perudestino.com\/peruvianblog\/machu-picchu-arquitectura-e-ingeria-inca\/\">MACHU PICCHU<\/a>\n<\/pre>\n\n\n<div class=\"wp-block-image\">\n<figure class=\"aligncenter is-resized\"><a href=\"https:\/\/www.perudestino.com\/southern-peru\/\"><img loading=\"lazy\" decoding=\"async\" width=\"355\" height=\"380\" src=\"https:\/\/www.perudestino.com\/peruvianblog\/wp-content\/uploads\/2024\/03\/southern-peru.jpg\" alt=\"\" class=\"wp-image-4984\" style=\"width:292px;height:auto\" srcset=\"https:\/\/www.perudestino.com\/peruvianblog\/wp-content\/uploads\/2024\/03\/southern-peru.jpg 355w, https:\/\/www.perudestino.com\/peruvianblog\/wp-content\/uploads\/2024\/03\/southern-peru-280x300.jpg 280w\" sizes=\"(max-width: 355px) 100vw, 355px\" \/><\/a><\/figure><\/div><\/div>\n<\/div>\n<\/div><\/div>\n<\/div>\n<\/div>\n<\/blockquote>\n<\/div>\n\n\n\n<div class=\"wp-block-column is-layout-flow wp-block-column-is-layout-flow\"><\/div>\n<\/div>\n<\/div><\/div>\n\n\n\n<figure class=\"wp-block-image\"><a href=\"https:\/\/www.perudestino.com\/peruvianblog\/cusco-maravilla-del-mundo4-dias-3-noches\/\"><img loading=\"lazy\" decoding=\"async\" width=\"1200\" height=\"630\" src=\"https:\/\/www.perudestino.com\/peruvianblog\/wp-content\/uploads\/2024\/03\/CUSCO-1.jpg\" alt=\"\" class=\"wp-image-5308\" srcset=\"https:\/\/www.perudestino.com\/peruvianblog\/wp-content\/uploads\/2024\/03\/CUSCO-1.jpg 1200w, https:\/\/www.perudestino.com\/peruvianblog\/wp-content\/uploads\/2024\/03\/CUSCO-1-300x158.jpg 300w, https:\/\/www.perudestino.com\/peruvianblog\/wp-content\/uploads\/2024\/03\/CUSCO-1-1024x538.jpg 1024w, https:\/\/www.perudestino.com\/peruvianblog\/wp-content\/uploads\/2024\/03\/CUSCO-1-768x403.jpg 768w\" sizes=\"(max-width: 1200px) 100vw, 1200px\" \/><\/a><\/figure>\n","protected":false},"excerpt":{"rendered":"<p>Deje huellas en el Per\u00fa\u00a0 Haga que su viaje resulte una experiencia \u00fanica e inolvidable a trav\u00e9s de un pa\u00eds de milenaria cultura y extraordinaria belleza. Desde nuestra p\u00e1gina conozca los principales destinos, haga sus reservas de tours y solic\u00edtenos el itinerario\u00a0de su preferencia,\u00a0que nosotros gustosamente le ayudaremos a planificar su viaje; tambi\u00e9n puede solicitarnos [&hellip;]<\/p>\n","protected":false},"author":1,"featured_media":0,"parent":0,"menu_order":0,"comment_status":"open","ping_status":"closed","template":"","meta":{"footnotes":""},"class_list":["post-107","page","type-page","status-publish","hentry"],"_links":{"self":[{"href":"https:\/\/www.perudestino.com\/peruvianblog\/wp-json\/wp\/v2\/pages\/107"}],"collection":[{"href":"https:\/\/www.perudestino.com\/peruvianblog\/wp-json\/wp\/v2\/pages"}],"about":[{"href":"https:\/\/www.perudestino.com\/peruvianblog\/wp-json\/wp\/v2\/types\/page"}],"author":[{"embeddable":true,"href":"https:\/\/www.perudestino.com\/peruvianblog\/wp-json\/wp\/v2\/users\/1"}],"replies":[{"embeddable":true,"href":"https:\/\/www.perudestino.com\/peruvianblog\/wp-json\/wp\/v2\/comments?post=107"}],"version-history":[{"count":86,"href":"https:\/\/www.perudestino.com\/peruvianblog\/wp-json\/wp\/v2\/pages\/107\/revisions"}],"predecessor-version":[{"id":5314,"href":"https:\/\/www.perudestino.com\/peruvianblog\/wp-json\/wp\/v2\/pages\/107\/revisions\/5314"}],"wp:attachment":[{"href":"https:\/\/www.perudestino.com\/peruvianblog\/wp-json\/wp\/v2\/media?parent=107"}],"curies":[{"name":"wp","href":"https:\/\/api.w.org\/{rel}","templated":true}]}}