{"id":5619,"date":"2026-04-14T19:34:33","date_gmt":"2026-04-15T00:34:33","guid":{"rendered":"https:\/\/www.perudestino.com\/peruvianblog\/?page_id=5619"},"modified":"2026-04-14T20:31:15","modified_gmt":"2026-04-15T01:31:15","slug":"circuitos-y-rutas-de-visita","status":"publish","type":"page","link":"https:\/\/www.perudestino.com\/peruvianblog\/circuitos-y-rutas-de-visita\/","title":{"rendered":"Circuitos y Rutas de Visita"},"content":{"rendered":"\n<p>El 2021, se establecieron 05 circuitos de visita tur\u00edstica de la ciudad inka de Machupicchu. A trav\u00e9s de la Resoluci\u00f3n Ministerial 528-2023-MC, el Ministerio de Cultura del Per\u00fa ha modificado dichos circuitos. En ese sentido, desde el 01 de junio de 2024 han entrado en vigencia 03 nuevos circuitos que agrupan 10 rutas de visita de la ciudad inka de Machupicchu\u201d.<\/p>\n\n\n\n<p>Los 03 circuitos que agrupan 10 rutas de visita de la ciudad inca de Machupicchu son los siguientes:<\/p>\n\n\n\n<figure class=\"wp-block-image\"><img loading=\"lazy\" decoding=\"async\" width=\"1280\" height=\"720\" src=\"https:\/\/www.perudestino.com\/peruvianblog\/wp-content\/uploads\/2024\/03\/cristian-lopez-cusco.jpg\" alt=\"\" class=\"wp-image-5429\" srcset=\"https:\/\/www.perudestino.com\/peruvianblog\/wp-content\/uploads\/2024\/03\/cristian-lopez-cusco.jpg 1280w, https:\/\/www.perudestino.com\/peruvianblog\/wp-content\/uploads\/2024\/03\/cristian-lopez-cusco-300x169.jpg 300w, https:\/\/www.perudestino.com\/peruvianblog\/wp-content\/uploads\/2024\/03\/cristian-lopez-cusco-1024x576.jpg 1024w, https:\/\/www.perudestino.com\/peruvianblog\/wp-content\/uploads\/2024\/03\/cristian-lopez-cusco-768x432.jpg 768w\" sizes=\"(max-width: 1280px) 100vw, 1280px\" \/><\/figure>\n\n\n\n<ul class=\"wp-block-list\">\n<li><a href=\"https:\/\/www.machupicchu.gob.pe\/wp-content\/uploads\/2024\/05\/C1-R1AP.pdf\">Circuito 1 (Panor\u00e1mico) \u2013 Ruta 1-A: Ruta Monta\u00f1a Machupicchu<\/a><\/li>\n\n\n\n<li><a href=\"https:\/\/www.machupicchu.gob.pe\/wp-content\/uploads\/2024\/05\/C1-R1B.pdf\">Circuito 1 (Panor\u00e1mico) \u2013 Ruta 1-B: Ruta Terraza Superior<\/a><\/li>\n\n\n\n<li><a href=\"https:\/\/www.machupicchu.gob.pe\/wp-content\/uploads\/2024\/05\/C1-R1CP.pdf\">Circuito 1 (Panor\u00e1mico) \u2013 Ruta 1-C: Ruta Portada Intipunku (disponible solo en Temporada Alta)<\/a><\/li>\n\n\n\n<li><a href=\"https:\/\/www.machupicchu.gob.pe\/wp-content\/uploads\/2024\/05\/C1-R1DP.pdf\">Circuito 1 (Panor\u00e1mico) \u2013 Ruta 1-D: Ruta Puente Inka (disponible solo en Temporada Alta)<\/a><\/li>\n<\/ul>\n\n\n\n<figure class=\"wp-block-image\"><img loading=\"lazy\" decoding=\"async\" width=\"1288\" height=\"888\" src=\"https:\/\/www.perudestino.com\/peruvianblog\/wp-content\/uploads\/2026\/04\/Circuito-1.jpg\" alt=\"\" class=\"wp-image-5620\" srcset=\"https:\/\/www.perudestino.com\/peruvianblog\/wp-content\/uploads\/2026\/04\/Circuito-1.jpg 1288w, https:\/\/www.perudestino.com\/peruvianblog\/wp-content\/uploads\/2026\/04\/Circuito-1-300x207.jpg 300w, https:\/\/www.perudestino.com\/peruvianblog\/wp-content\/uploads\/2026\/04\/Circuito-1-1024x706.jpg 1024w, https:\/\/www.perudestino.com\/peruvianblog\/wp-content\/uploads\/2026\/04\/Circuito-1-768x529.jpg 768w\" sizes=\"(max-width: 1288px) 100vw, 1288px\" \/><\/figure>\n\n\n<div class=\"wp-block-image\">\n<figure class=\"aligncenter\"><a href=\"https:\/\/www.perudestino.com\/peruvianblog\/programa-turistico-lima-cajamarca-lima\/\"><img loading=\"lazy\" decoding=\"async\" width=\"1200\" height=\"630\" src=\"https:\/\/www.perudestino.com\/peruvianblog\/wp-content\/uploads\/2024\/03\/cajamarca-nuevo-1.jpg\" alt=\"\" class=\"wp-image-5045\" srcset=\"https:\/\/www.perudestino.com\/peruvianblog\/wp-content\/uploads\/2024\/03\/cajamarca-nuevo-1.jpg 1200w, https:\/\/www.perudestino.com\/peruvianblog\/wp-content\/uploads\/2024\/03\/cajamarca-nuevo-1-300x158.jpg 300w, https:\/\/www.perudestino.com\/peruvianblog\/wp-content\/uploads\/2024\/03\/cajamarca-nuevo-1-1024x538.jpg 1024w, https:\/\/www.perudestino.com\/peruvianblog\/wp-content\/uploads\/2024\/03\/cajamarca-nuevo-1-768x403.jpg 768w\" sizes=\"(max-width: 1200px) 100vw, 1200px\" \/><\/a><\/figure><\/div>\n\n\n<!--nextpage-->\n\n\n\n<p><\/p>\n\n\n\n<figure class=\"wp-block-image\"><img loading=\"lazy\" decoding=\"async\" width=\"704\" height=\"528\" src=\"https:\/\/www.perudestino.com\/peruvianblog\/wp-content\/uploads\/2024\/03\/mapi-rio.jpg\" alt=\"\" class=\"wp-image-4874\" srcset=\"https:\/\/www.perudestino.com\/peruvianblog\/wp-content\/uploads\/2024\/03\/mapi-rio.jpg 704w, https:\/\/www.perudestino.com\/peruvianblog\/wp-content\/uploads\/2024\/03\/mapi-rio-300x225.jpg 300w\" sizes=\"(max-width: 704px) 100vw, 704px\" \/><\/figure>\n\n\n\n<ul class=\"wp-block-list\">\n<li><a href=\"https:\/\/www.machupicchu.gob.pe\/wp-content\/uploads\/2024\/06\/C2-R2A.pdf\">Circuito 2 (Machupicchu Cl\u00e1sico) \u2013 Ruta 2-A: Ruta dise\u00f1ada<\/a><\/li>\n\n\n\n<li><a href=\"https:\/\/www.machupicchu.gob.pe\/wp-content\/uploads\/2024\/06\/6-C2-R2B.pdf\">Circuito 2 (Machupicchu Cl\u00e1sico) \u2013 Ruta 2-B: Ruta Terraza Inferior<\/a><\/li>\n<\/ul>\n\n\n\n<figure class=\"wp-block-image\"><img loading=\"lazy\" decoding=\"async\" width=\"1283\" height=\"882\" src=\"https:\/\/www.perudestino.com\/peruvianblog\/wp-content\/uploads\/2026\/04\/Circuito-2.jpg\" alt=\"\" class=\"wp-image-5630\" srcset=\"https:\/\/www.perudestino.com\/peruvianblog\/wp-content\/uploads\/2026\/04\/Circuito-2.jpg 1283w, https:\/\/www.perudestino.com\/peruvianblog\/wp-content\/uploads\/2026\/04\/Circuito-2-300x206.jpg 300w, https:\/\/www.perudestino.com\/peruvianblog\/wp-content\/uploads\/2026\/04\/Circuito-2-1024x704.jpg 1024w, https:\/\/www.perudestino.com\/peruvianblog\/wp-content\/uploads\/2026\/04\/Circuito-2-768x528.jpg 768w\" sizes=\"(max-width: 1283px) 100vw, 1283px\" \/><\/figure>\n\n\n\n<figure class=\"wp-block-image\"><a href=\"https:\/\/www.perudestino.com\/peruvianblog\/arequipa-y-el-canon-del-colca-4-dias-3-noches\/\"><img loading=\"lazy\" decoding=\"async\" width=\"1080\" height=\"1080\" src=\"https:\/\/www.perudestino.com\/peruvianblog\/wp-content\/uploads\/2024\/03\/Arequipa-1.jpg\" alt=\"\" class=\"wp-image-5116\" srcset=\"https:\/\/www.perudestino.com\/peruvianblog\/wp-content\/uploads\/2024\/03\/Arequipa-1.jpg 1080w, https:\/\/www.perudestino.com\/peruvianblog\/wp-content\/uploads\/2024\/03\/Arequipa-1-300x300.jpg 300w, https:\/\/www.perudestino.com\/peruvianblog\/wp-content\/uploads\/2024\/03\/Arequipa-1-1024x1024.jpg 1024w, https:\/\/www.perudestino.com\/peruvianblog\/wp-content\/uploads\/2024\/03\/Arequipa-1-150x150.jpg 150w, https:\/\/www.perudestino.com\/peruvianblog\/wp-content\/uploads\/2024\/03\/Arequipa-1-768x768.jpg 768w\" sizes=\"(max-width: 1080px) 100vw, 1080px\" \/><\/a><\/figure>\n\n\n\n<!--nextpage-->\n\n\n\n<p><\/p>\n\n\n<div class=\"wp-block-image\">\n<figure class=\"aligncenter\"><img loading=\"lazy\" decoding=\"async\" width=\"640\" height=\"480\" src=\"https:\/\/www.perudestino.com\/peruvianblog\/wp-content\/uploads\/2024\/03\/mapi2.jpg\" alt=\"\" class=\"wp-image-4878\" srcset=\"https:\/\/www.perudestino.com\/peruvianblog\/wp-content\/uploads\/2024\/03\/mapi2.jpg 640w, https:\/\/www.perudestino.com\/peruvianblog\/wp-content\/uploads\/2024\/03\/mapi2-300x225.jpg 300w\" sizes=\"(max-width: 640px) 100vw, 640px\" \/><\/figure><\/div>\n\n\n<ul class=\"wp-block-list\">\n<li><a href=\"https:\/\/www.machupicchu.gob.pe\/wp-content\/uploads\/2024\/05\/C3-R3AP.pdf\">Circuito 3 (Machupicchu Realeza) \u2013 Ruta 3-A: Ruta Monta\u00f1a Waynapicchu<\/a><\/li>\n\n\n\n<li><a href=\"https:\/\/www.machupicchu.gob.pe\/wp-content\/uploads\/2024\/05\/C3-R3B.pdf\">Circuito 3 (Machupicchu Realeza) \u2013 Ruta 3-B: Ruta dise\u00f1ada<\/a><\/li>\n\n\n\n<li><a href=\"https:\/\/www.machupicchu.gob.pe\/wp-content\/uploads\/2024\/05\/C3-R3CP.pdf\">Circuito 3 (Machupicchu Realeza) \u2013 Ruta 3-C: Ruta Gran Caverna (disponible solo en Temporada Alta)<\/a><\/li>\n\n\n\n<li><a href=\"https:\/\/www.machupicchu.gob.pe\/wp-content\/uploads\/2024\/05\/C3-R3DP.pdf\">Circuito 3 (Machupicchu Realeza) \u2013 Ruta 3-D: Ruta Huchuypicchu (disponible solo en Temporada Alta)<\/a><\/li>\n<\/ul>\n\n\n\n<figure class=\"wp-block-image\"><img loading=\"lazy\" decoding=\"async\" width=\"1283\" height=\"901\" src=\"https:\/\/www.perudestino.com\/peruvianblog\/wp-content\/uploads\/2026\/04\/Circuito-3.jpg\" alt=\"\" class=\"wp-image-5631\" srcset=\"https:\/\/www.perudestino.com\/peruvianblog\/wp-content\/uploads\/2026\/04\/Circuito-3.jpg 1283w, https:\/\/www.perudestino.com\/peruvianblog\/wp-content\/uploads\/2026\/04\/Circuito-3-300x211.jpg 300w, https:\/\/www.perudestino.com\/peruvianblog\/wp-content\/uploads\/2026\/04\/Circuito-3-1024x719.jpg 1024w, https:\/\/www.perudestino.com\/peruvianblog\/wp-content\/uploads\/2026\/04\/Circuito-3-768x539.jpg 768w\" sizes=\"(max-width: 1283px) 100vw, 1283px\" \/><\/figure>\n\n\n\n<figure class=\"wp-block-image\"><a href=\"https:\/\/www.perudestino.com\/peruvianblog\/tarapoto\/\"><img loading=\"lazy\" decoding=\"async\" width=\"1080\" height=\"1080\" src=\"https:\/\/www.perudestino.com\/peruvianblog\/wp-content\/uploads\/2024\/03\/Tarapoto.jpg\" alt=\"\" class=\"wp-image-4939\" srcset=\"https:\/\/www.perudestino.com\/peruvianblog\/wp-content\/uploads\/2024\/03\/Tarapoto.jpg 1080w, https:\/\/www.perudestino.com\/peruvianblog\/wp-content\/uploads\/2024\/03\/Tarapoto-300x300.jpg 300w, https:\/\/www.perudestino.com\/peruvianblog\/wp-content\/uploads\/2024\/03\/Tarapoto-1024x1024.jpg 1024w, https:\/\/www.perudestino.com\/peruvianblog\/wp-content\/uploads\/2024\/03\/Tarapoto-150x150.jpg 150w, https:\/\/www.perudestino.com\/peruvianblog\/wp-content\/uploads\/2024\/03\/Tarapoto-768x768.jpg 768w\" sizes=\"(max-width: 1080px) 100vw, 1080px\" \/><\/a><\/figure>\n","protected":false},"excerpt":{"rendered":"<p>El 2021, se establecieron 05 circuitos de visita tur\u00edstica de la ciudad inka de Machupicchu. A trav\u00e9s de la Resoluci\u00f3n Ministerial 528-2023-MC, el Ministerio de Cultura del Per\u00fa ha modificado dichos circuitos. En ese sentido, desde el 01 de junio de 2024 han entrado en vigencia 03 nuevos circuitos que agrupan 10 rutas de visita [&hellip;]<\/p>\n","protected":false},"author":1,"featured_media":0,"parent":0,"menu_order":0,"comment_status":"closed","ping_status":"closed","template":"","meta":{"footnotes":""},"class_list":["post-5619","page","type-page","status-publish","hentry"],"_links":{"self":[{"href":"https:\/\/www.perudestino.com\/peruvianblog\/wp-json\/wp\/v2\/pages\/5619"}],"collection":[{"href":"https:\/\/www.perudestino.com\/peruvianblog\/wp-json\/wp\/v2\/pages"}],"about":[{"href":"https:\/\/www.perudestino.com\/peruvianblog\/wp-json\/wp\/v2\/types\/page"}],"author":[{"embeddable":true,"href":"https:\/\/www.perudestino.com\/peruvianblog\/wp-json\/wp\/v2\/users\/1"}],"replies":[{"embeddable":true,"href":"https:\/\/www.perudestino.com\/peruvianblog\/wp-json\/wp\/v2\/comments?post=5619"}],"version-history":[{"count":9,"href":"https:\/\/www.perudestino.com\/peruvianblog\/wp-json\/wp\/v2\/pages\/5619\/revisions"}],"predecessor-version":[{"id":5638,"href":"https:\/\/www.perudestino.com\/peruvianblog\/wp-json\/wp\/v2\/pages\/5619\/revisions\/5638"}],"wp:attachment":[{"href":"https:\/\/www.perudestino.com\/peruvianblog\/wp-json\/wp\/v2\/media?parent=5619"}],"curies":[{"name":"wp","href":"https:\/\/api.w.org\/{rel}","templated":true}]}}